{"id":118,"date":"2019-12-06T08:20:00","date_gmt":"2019-12-06T07:20:00","guid":{"rendered":"http:\/\/pixelgrade.com\/demos\/mies\/?page_id=118"},"modified":"2020-09-01T14:27:30","modified_gmt":"2020-09-01T12:27:30","slug":"uvodni-stranka","status":"publish","type":"page","link":"https:\/\/ting.cz\/en\/","title":{"rendered":"Homepage"},"content":{"rendered":"\t\t<div data-elementor-type=\"wp-post\" data-elementor-id=\"118\" class=\"elementor elementor-118\">\n\t\t\t\t\t\t<div class=\"elementor-inner\">\n\t\t\t\t<div class=\"elementor-section-wrap\">\n\t\t\t\t\t\t\t\t\t<section class=\"elementor-section elementor-top-section elementor-element elementor-element-44f7c045 elementor-section-boxed elementor-section-height-default elementor-section-height-default\" data-id=\"44f7c045\" data-element_type=\"section\">\n\t\t\t\t\t\t<div class=\"elementor-container elementor-column-gap-default\">\n\t\t\t\t\t\t\t<div class=\"elementor-row\">\n\t\t\t\t\t<div class=\"elementor-column elementor-col-100 elementor-top-column elementor-element elementor-element-6fa5aeb5\" data-id=\"6fa5aeb5\" data-element_type=\"column\">\n\t\t\t<div class=\"elementor-column-wrap elementor-element-populated\">\n\t\t\t\t\t\t\t<div class=\"elementor-widget-wrap\">\n\t\t\t\t\t\t<div class=\"elementor-element elementor-element-1a19113e elementor-widget elementor-widget-text-editor\" data-id=\"1a19113e\" data-element_type=\"widget\" data-widget_type=\"text-editor.default\">\n\t\t\t\t<div class=\"elementor-widget-container\">\n\t\t\t\t\t\t\t\t<div class=\"elementor-text-editor elementor-clearfix\">\n\t\t\t\t<p><!--vcv no format--><\/p><div class=\"vce-row-container\"><div id=\"el-3a493943\" class=\"vce-row vce-row--col-gap-30 vce-row-columns--top vce-row-content--top\" data-vce-do-apply=\"all el-3a493943\"><div class=\"vce-row-content\" data-vce-element-content=\"true\"><div id=\"el-588e390a\" class=\"vce-col vce-col--md-100p vce-col--xs-1 vce-col--xs-last vce-col--xs-first vce-col--sm-last vce-col--sm-first vce-col--md-last vce-col--lg-last vce-col--xl-last vce-col--md-first vce-col--lg-first vce-col--xl-first\" data-vce-do-apply=\"background border el-588e390a\"><div class=\"vce-col-inner\" data-vce-element-content=\"true\" data-vce-do-apply=\"padding margin el-588e390a\"><div class=\"vce-text-block\"><div id=\"el-6d43500b\" class=\"vce-text-block-wrapper vce\" data-vce-do-apply=\"all el-6d43500b\"><p class=\"intro narrow not-big\" style=\"text-align: center;\"><span lang=\"en-GB\" style=\"color: #000000; font-size: 1.7rem;\"><strong>ting<\/strong> [ <em>t\u03b9\u014b<\/em> ] is designation of an assembly \u2013 places of meeting, of ideas exchange, places where principal decisions are made.<\/span><\/p><\/div><\/div><\/div><\/div><\/div><\/div><\/div><p><!--vcv no format--><\/p>\t\t\t\t\t<\/div>\n\t\t\t\t\t\t<\/div>\n\t\t\t\t<\/div>\n\t\t\t\t\t\t<\/div>\n\t\t\t\t\t<\/div>\n\t\t<\/div>\n\t\t\t\t\t\t\t\t<\/div>\n\t\t\t\t\t<\/div>\n\t\t<\/section>\n\t\t\t\t\t\t\t\t\t<\/div>\n\t\t\t<\/div>\n\t\t\t\t\t<\/div>\n\t\t","protected":false},"excerpt":{"rendered":"<p>ting [ t\u03b9\u014b ] is designation of an assembly \u2013 places of meeting, of ideas exchange, places where principal decisions are made.<\/p>\n","protected":false},"author":1,"featured_media":0,"parent":0,"menu_order":0,"comment_status":"closed","ping_status":"closed","template":"","meta":{"footnotes":""},"yoast_head":"<!-- This site is optimized with the Yoast SEO plugin v19.11 - https:\/\/yoast.com\/wordpress\/plugins\/seo\/ -->\n<title>ting architects<\/title>\n<meta name=\"description\" content=\"T\u00fdm urbanist\u016f, architekt\u016f a design\u00e9r\u016f, kte\u0159\u00ed ke ka\u017ed\u00e9mu projektu formuj\u00ed specifick\u00fd pracovn\u00ed t\u00fdm za \u00fa\u010delem optim\u00e1ln\u00edho \u0159e\u0161en\u00ed pro danou situaci.\" \/>\n<meta name=\"robots\" content=\"index, follow, max-snippet:-1, max-image-preview:large, max-video-preview:-1\" \/>\n<meta property=\"og:locale\" content=\"en_US\" \/>\n<meta property=\"og:type\" content=\"article\" \/>\n<meta property=\"og:title\" content=\"ting architects\" \/>\n<meta property=\"og:description\" content=\"T\u00fdm urbanist\u016f, architekt\u016f a design\u00e9r\u016f, kte\u0159\u00ed ke ka\u017ed\u00e9mu projektu formuj\u00ed specifick\u00fd pracovn\u00ed t\u00fdm za \u00fa\u010delem optim\u00e1ln\u00edho \u0159e\u0161en\u00ed pro danou situaci.\" \/>\n<meta property=\"og:url\" content=\"https:\/\/ting.cz\/\" \/>\n<meta property=\"og:site_name\" content=\"ting\" \/>\n<meta property=\"article:publisher\" content=\"https:\/\/www.facebook.com\/ting.architects\/\" \/>\n<meta property=\"article:modified_time\" content=\"2020-09-01T12:27:30+00:00\" \/>\n<meta name=\"twitter:card\" content=\"summary_large_image\" \/>\n<meta name=\"twitter:site\" content=\"@ting_architects\" \/>\n<script type=\"application\/ld+json\" class=\"yoast-schema-graph\">{\"@context\":\"https:\/\/schema.org\",\"@graph\":[{\"@type\":\"WebPage\",\"@id\":\"https:\/\/ting.cz\/\",\"url\":\"https:\/\/ting.cz\/\",\"name\":\"ting architects\",\"isPartOf\":{\"@id\":\"https:\/\/ting.cz\/#website\"},\"datePublished\":\"2019-12-06T07:20:00+00:00\",\"dateModified\":\"2020-09-01T12:27:30+00:00\",\"description\":\"T\u00fdm urbanist\u016f, architekt\u016f a design\u00e9r\u016f, kte\u0159\u00ed ke ka\u017ed\u00e9mu projektu formuj\u00ed specifick\u00fd pracovn\u00ed t\u00fdm za \u00fa\u010delem optim\u00e1ln\u00edho \u0159e\u0161en\u00ed pro danou situaci.\",\"breadcrumb\":{\"@id\":\"https:\/\/ting.cz\/#breadcrumb\"},\"inLanguage\":\"en-US\",\"potentialAction\":[{\"@type\":\"ReadAction\",\"target\":[\"https:\/\/ting.cz\/\"]}]},{\"@type\":\"BreadcrumbList\",\"@id\":\"https:\/\/ting.cz\/#breadcrumb\",\"itemListElement\":[{\"@type\":\"ListItem\",\"position\":1,\"name\":\"Dom\u016f\",\"item\":\"https:\/\/ting.cz\/\"},{\"@type\":\"ListItem\",\"position\":2,\"name\":\"\u00davodn\u00ed str\u00e1nka\"}]},{\"@type\":\"WebSite\",\"@id\":\"https:\/\/ting.cz\/#website\",\"url\":\"https:\/\/ting.cz\/\",\"name\":\"ting\",\"description\":\"ting architects\",\"publisher\":{\"@id\":\"https:\/\/ting.cz\/#organization\"},\"potentialAction\":[{\"@type\":\"SearchAction\",\"target\":{\"@type\":\"EntryPoint\",\"urlTemplate\":\"https:\/\/ting.cz\/?s={search_term_string}\"},\"query-input\":\"required name=search_term_string\"}],\"inLanguage\":\"en-US\"},{\"@type\":\"Organization\",\"@id\":\"https:\/\/ting.cz\/#organization\",\"name\":\"Ting Architects\",\"url\":\"https:\/\/ting.cz\/\",\"logo\":{\"@type\":\"ImageObject\",\"inLanguage\":\"en-US\",\"@id\":\"https:\/\/ting.cz\/#\/schema\/logo\/image\/\",\"url\":\"https:\/\/ting.cz\/wp-content\/uploads\/2019\/04\/ting-logo-short-hr.png\",\"contentUrl\":\"https:\/\/ting.cz\/wp-content\/uploads\/2019\/04\/ting-logo-short-hr.png\",\"width\":1937,\"height\":1181,\"caption\":\"Ting Architects\"},\"image\":{\"@id\":\"https:\/\/ting.cz\/#\/schema\/logo\/image\/\"},\"sameAs\":[\"https:\/\/www.linkedin.com\/in\/stepan-toman-5561b262\/\",\"https:\/\/www.facebook.com\/ting.architects\/\",\"https:\/\/twitter.com\/ting_architects\"]}]}<\/script>\n<!-- \/ Yoast SEO plugin. -->","yoast_head_json":{"title":"ting architects","description":"T\u00fdm urbanist\u016f, architekt\u016f a design\u00e9r\u016f, kte\u0159\u00ed ke ka\u017ed\u00e9mu projektu formuj\u00ed specifick\u00fd pracovn\u00ed t\u00fdm za \u00fa\u010delem optim\u00e1ln\u00edho \u0159e\u0161en\u00ed pro danou situaci.","robots":{"index":"index","follow":"follow","max-snippet":"max-snippet:-1","max-image-preview":"max-image-preview:large","max-video-preview":"max-video-preview:-1"},"og_locale":"en_US","og_type":"article","og_title":"ting architects","og_description":"T\u00fdm urbanist\u016f, architekt\u016f a design\u00e9r\u016f, kte\u0159\u00ed ke ka\u017ed\u00e9mu projektu formuj\u00ed specifick\u00fd pracovn\u00ed t\u00fdm za \u00fa\u010delem optim\u00e1ln\u00edho \u0159e\u0161en\u00ed pro danou situaci.","og_url":"https:\/\/ting.cz\/","og_site_name":"ting","article_publisher":"https:\/\/www.facebook.com\/ting.architects\/","article_modified_time":"2020-09-01T12:27:30+00:00","twitter_card":"summary_large_image","twitter_site":"@ting_architects","schema":{"@context":"https:\/\/schema.org","@graph":[{"@type":"WebPage","@id":"https:\/\/ting.cz\/","url":"https:\/\/ting.cz\/","name":"ting architects","isPartOf":{"@id":"https:\/\/ting.cz\/#website"},"datePublished":"2019-12-06T07:20:00+00:00","dateModified":"2020-09-01T12:27:30+00:00","description":"T\u00fdm urbanist\u016f, architekt\u016f a design\u00e9r\u016f, kte\u0159\u00ed ke ka\u017ed\u00e9mu projektu formuj\u00ed specifick\u00fd pracovn\u00ed t\u00fdm za \u00fa\u010delem optim\u00e1ln\u00edho \u0159e\u0161en\u00ed pro danou situaci.","breadcrumb":{"@id":"https:\/\/ting.cz\/#breadcrumb"},"inLanguage":"en-US","potentialAction":[{"@type":"ReadAction","target":["https:\/\/ting.cz\/"]}]},{"@type":"BreadcrumbList","@id":"https:\/\/ting.cz\/#breadcrumb","itemListElement":[{"@type":"ListItem","position":1,"name":"Dom\u016f","item":"https:\/\/ting.cz\/"},{"@type":"ListItem","position":2,"name":"\u00davodn\u00ed str\u00e1nka"}]},{"@type":"WebSite","@id":"https:\/\/ting.cz\/#website","url":"https:\/\/ting.cz\/","name":"ting","description":"ting architects","publisher":{"@id":"https:\/\/ting.cz\/#organization"},"potentialAction":[{"@type":"SearchAction","target":{"@type":"EntryPoint","urlTemplate":"https:\/\/ting.cz\/?s={search_term_string}"},"query-input":"required name=search_term_string"}],"inLanguage":"en-US"},{"@type":"Organization","@id":"https:\/\/ting.cz\/#organization","name":"Ting Architects","url":"https:\/\/ting.cz\/","logo":{"@type":"ImageObject","inLanguage":"en-US","@id":"https:\/\/ting.cz\/#\/schema\/logo\/image\/","url":"https:\/\/ting.cz\/wp-content\/uploads\/2019\/04\/ting-logo-short-hr.png","contentUrl":"https:\/\/ting.cz\/wp-content\/uploads\/2019\/04\/ting-logo-short-hr.png","width":1937,"height":1181,"caption":"Ting Architects"},"image":{"@id":"https:\/\/ting.cz\/#\/schema\/logo\/image\/"},"sameAs":["https:\/\/www.linkedin.com\/in\/stepan-toman-5561b262\/","https:\/\/www.facebook.com\/ting.architects\/","https:\/\/twitter.com\/ting_architects"]}]}},"_links":{"self":[{"href":"https:\/\/ting.cz\/en\/wp-json\/wp\/v2\/pages\/118"}],"collection":[{"href":"https:\/\/ting.cz\/en\/wp-json\/wp\/v2\/pages"}],"about":[{"href":"https:\/\/ting.cz\/en\/wp-json\/wp\/v2\/types\/page"}],"author":[{"embeddable":true,"href":"https:\/\/ting.cz\/en\/wp-json\/wp\/v2\/users\/1"}],"replies":[{"embeddable":true,"href":"https:\/\/ting.cz\/en\/wp-json\/wp\/v2\/comments?post=118"}],"version-history":[{"count":41,"href":"https:\/\/ting.cz\/en\/wp-json\/wp\/v2\/pages\/118\/revisions"}],"predecessor-version":[{"id":2486,"href":"https:\/\/ting.cz\/en\/wp-json\/wp\/v2\/pages\/118\/revisions\/2486"}],"wp:attachment":[{"href":"https:\/\/ting.cz\/en\/wp-json\/wp\/v2\/media?parent=118"}],"curies":[{"name":"wp","href":"https:\/\/api.w.org\/{rel}","templated":true}]}}