{"id":128,"date":"2014-12-10T10:43:38","date_gmt":"2014-12-10T10:43:38","guid":{"rendered":"http:\/\/pixelgrade.com\/demos\/mies\/?page_id=128"},"modified":"2019-04-29T05:33:41","modified_gmt":"2019-04-29T03:33:41","slug":"articles","status":"publish","type":"page","link":"https:\/\/ting.cz\/en\/articles\/","title":{"rendered":"Our articles"},"content":{"rendered":"","protected":false},"excerpt":{"rendered":"","protected":false},"author":1,"featured_media":0,"parent":0,"menu_order":0,"comment_status":"closed","ping_status":"closed","template":"page-templates\/blog-archive.php","meta":{"footnotes":""},"yoast_head":"<!-- This site is optimized with the Yoast SEO plugin v19.11 - https:\/\/yoast.com\/wordpress\/plugins\/seo\/ -->\n<title>Our articles | ting<\/title>\n<meta name=\"robots\" content=\"index, follow, max-snippet:-1, max-image-preview:large, max-video-preview:-1\" \/>\n<meta property=\"og:locale\" content=\"en_US\" \/>\n<meta property=\"og:type\" content=\"article\" \/>\n<meta property=\"og:title\" content=\"[:cs]Na\u0161e \u010dl\u00e1nky[:en]Our articles[:] | ting\" \/>\n<meta property=\"og:url\" content=\"https:\/\/ting.cz\/articles\/\" \/>\n<meta property=\"og:site_name\" content=\"ting\" \/>\n<meta property=\"article:publisher\" content=\"https:\/\/www.facebook.com\/ting.architects\/\" \/>\n<meta property=\"article:modified_time\" content=\"2019-04-29T03:33:41+00:00\" \/>\n<meta name=\"twitter:card\" content=\"summary_large_image\" \/>\n<meta name=\"twitter:site\" content=\"@ting_architects\" \/>\n<script type=\"application\/ld+json\" class=\"yoast-schema-graph\">{\"@context\":\"https:\/\/schema.org\",\"@graph\":[{\"@type\":\"WebPage\",\"@id\":\"https:\/\/ting.cz\/articles\/\",\"url\":\"https:\/\/ting.cz\/articles\/\",\"name\":\"[:cs]Na\u0161e \u010dl\u00e1nky[:en]Our articles[:] | ting\",\"isPartOf\":{\"@id\":\"https:\/\/ting.cz\/#website\"},\"datePublished\":\"2014-12-10T10:43:38+00:00\",\"dateModified\":\"2019-04-29T03:33:41+00:00\",\"breadcrumb\":{\"@id\":\"https:\/\/ting.cz\/articles\/#breadcrumb\"},\"inLanguage\":\"en-US\",\"potentialAction\":[{\"@type\":\"ReadAction\",\"target\":[\"https:\/\/ting.cz\/articles\/\"]}]},{\"@type\":\"BreadcrumbList\",\"@id\":\"https:\/\/ting.cz\/articles\/#breadcrumb\",\"itemListElement\":[{\"@type\":\"ListItem\",\"position\":1,\"name\":\"Dom\u016f\",\"item\":\"https:\/\/ting.cz\/\"},{\"@type\":\"ListItem\",\"position\":2,\"name\":\"Na\u0161e \u010dl\u00e1nky\"}]},{\"@type\":\"WebSite\",\"@id\":\"https:\/\/ting.cz\/#website\",\"url\":\"https:\/\/ting.cz\/\",\"name\":\"ting\",\"description\":\"ting architects\",\"publisher\":{\"@id\":\"https:\/\/ting.cz\/#organization\"},\"potentialAction\":[{\"@type\":\"SearchAction\",\"target\":{\"@type\":\"EntryPoint\",\"urlTemplate\":\"https:\/\/ting.cz\/?s={search_term_string}\"},\"query-input\":\"required name=search_term_string\"}],\"inLanguage\":\"en-US\"},{\"@type\":\"Organization\",\"@id\":\"https:\/\/ting.cz\/#organization\",\"name\":\"Ting Architects\",\"url\":\"https:\/\/ting.cz\/\",\"logo\":{\"@type\":\"ImageObject\",\"inLanguage\":\"en-US\",\"@id\":\"https:\/\/ting.cz\/#\/schema\/logo\/image\/\",\"url\":\"https:\/\/ting.cz\/wp-content\/uploads\/2019\/04\/ting-logo-short-hr.png\",\"contentUrl\":\"https:\/\/ting.cz\/wp-content\/uploads\/2019\/04\/ting-logo-short-hr.png\",\"width\":1937,\"height\":1181,\"caption\":\"Ting Architects\"},\"image\":{\"@id\":\"https:\/\/ting.cz\/#\/schema\/logo\/image\/\"},\"sameAs\":[\"https:\/\/www.linkedin.com\/in\/stepan-toman-5561b262\/\",\"https:\/\/www.facebook.com\/ting.architects\/\",\"https:\/\/twitter.com\/ting_architects\"]}]}<\/script>\n<!-- \/ Yoast SEO plugin. -->","yoast_head_json":{"title":"[:cs]Na\u0161e \u010dl\u00e1nky[:en]Our articles[:] | ting","robots":{"index":"index","follow":"follow","max-snippet":"max-snippet:-1","max-image-preview":"max-image-preview:large","max-video-preview":"max-video-preview:-1"},"og_locale":"en_US","og_type":"article","og_title":"[:cs]Na\u0161e \u010dl\u00e1nky[:en]Our articles[:] | ting","og_url":"https:\/\/ting.cz\/articles\/","og_site_name":"ting","article_publisher":"https:\/\/www.facebook.com\/ting.architects\/","article_modified_time":"2019-04-29T03:33:41+00:00","twitter_card":"summary_large_image","twitter_site":"@ting_architects","schema":{"@context":"https:\/\/schema.org","@graph":[{"@type":"WebPage","@id":"https:\/\/ting.cz\/articles\/","url":"https:\/\/ting.cz\/articles\/","name":"[:cs]Na\u0161e \u010dl\u00e1nky[:en]Our articles[:] | ting","isPartOf":{"@id":"https:\/\/ting.cz\/#website"},"datePublished":"2014-12-10T10:43:38+00:00","dateModified":"2019-04-29T03:33:41+00:00","breadcrumb":{"@id":"https:\/\/ting.cz\/articles\/#breadcrumb"},"inLanguage":"en-US","potentialAction":[{"@type":"ReadAction","target":["https:\/\/ting.cz\/articles\/"]}]},{"@type":"BreadcrumbList","@id":"https:\/\/ting.cz\/articles\/#breadcrumb","itemListElement":[{"@type":"ListItem","position":1,"name":"Dom\u016f","item":"https:\/\/ting.cz\/"},{"@type":"ListItem","position":2,"name":"Na\u0161e \u010dl\u00e1nky"}]},{"@type":"WebSite","@id":"https:\/\/ting.cz\/#website","url":"https:\/\/ting.cz\/","name":"ting","description":"ting architects","publisher":{"@id":"https:\/\/ting.cz\/#organization"},"potentialAction":[{"@type":"SearchAction","target":{"@type":"EntryPoint","urlTemplate":"https:\/\/ting.cz\/?s={search_term_string}"},"query-input":"required name=search_term_string"}],"inLanguage":"en-US"},{"@type":"Organization","@id":"https:\/\/ting.cz\/#organization","name":"Ting Architects","url":"https:\/\/ting.cz\/","logo":{"@type":"ImageObject","inLanguage":"en-US","@id":"https:\/\/ting.cz\/#\/schema\/logo\/image\/","url":"https:\/\/ting.cz\/wp-content\/uploads\/2019\/04\/ting-logo-short-hr.png","contentUrl":"https:\/\/ting.cz\/wp-content\/uploads\/2019\/04\/ting-logo-short-hr.png","width":1937,"height":1181,"caption":"Ting Architects"},"image":{"@id":"https:\/\/ting.cz\/#\/schema\/logo\/image\/"},"sameAs":["https:\/\/www.linkedin.com\/in\/stepan-toman-5561b262\/","https:\/\/www.facebook.com\/ting.architects\/","https:\/\/twitter.com\/ting_architects"]}]}},"_links":{"self":[{"href":"https:\/\/ting.cz\/en\/wp-json\/wp\/v2\/pages\/128"}],"collection":[{"href":"https:\/\/ting.cz\/en\/wp-json\/wp\/v2\/pages"}],"about":[{"href":"https:\/\/ting.cz\/en\/wp-json\/wp\/v2\/types\/page"}],"author":[{"embeddable":true,"href":"https:\/\/ting.cz\/en\/wp-json\/wp\/v2\/users\/1"}],"replies":[{"embeddable":true,"href":"https:\/\/ting.cz\/en\/wp-json\/wp\/v2\/comments?post=128"}],"version-history":[{"count":3,"href":"https:\/\/ting.cz\/en\/wp-json\/wp\/v2\/pages\/128\/revisions"}],"predecessor-version":[{"id":1902,"href":"https:\/\/ting.cz\/en\/wp-json\/wp\/v2\/pages\/128\/revisions\/1902"}],"wp:attachment":[{"href":"https:\/\/ting.cz\/en\/wp-json\/wp\/v2\/media?parent=128"}],"curies":[{"name":"wp","href":"https:\/\/api.w.org\/{rel}","templated":true}]}}