{"id":130,"date":"2014-12-10T10:43:54","date_gmt":"2014-12-10T10:43:54","guid":{"rendered":"http:\/\/pixelgrade.com\/demos\/mies\/?page_id=130"},"modified":"2022-05-17T18:53:52","modified_gmt":"2022-05-17T16:53:52","slug":"profile","status":"publish","type":"page","link":"https:\/\/ting.cz\/en\/profile\/","title":{"rendered":"Profile"},"content":{"rendered":"\t\t<div data-elementor-type=\"wp-page\" data-elementor-id=\"130\" class=\"elementor elementor-130\">\n\t\t\t\t\t\t<div class=\"elementor-inner\">\n\t\t\t\t<div class=\"elementor-section-wrap\">\n\t\t\t\t\t\t\t\t\t<section class=\"elementor-section elementor-top-section elementor-element elementor-element-6e234395 elementor-section-boxed elementor-section-height-default elementor-section-height-default\" data-id=\"6e234395\" data-element_type=\"section\">\n\t\t\t\t\t\t<div class=\"elementor-container elementor-column-gap-default\">\n\t\t\t\t\t\t\t<div class=\"elementor-row\">\n\t\t\t\t\t<div class=\"elementor-column elementor-col-100 elementor-top-column elementor-element elementor-element-36536e76\" data-id=\"36536e76\" data-element_type=\"column\">\n\t\t\t<div class=\"elementor-column-wrap elementor-element-populated\">\n\t\t\t\t\t\t\t<div class=\"elementor-widget-wrap\">\n\t\t\t\t\t\t<div class=\"elementor-element elementor-element-1bbaba13 elementor-widget elementor-widget-text-editor\" data-id=\"1bbaba13\" data-element_type=\"widget\" data-widget_type=\"text-editor.default\">\n\t\t\t\t<div class=\"elementor-widget-container\">\n\t\t\t\t\t\t\t\t<div class=\"elementor-text-editor elementor-clearfix\">\n\t\t\t\t<div class=\"twocolumn\">\r\n<p lang=\"en-GB\" style=\"font-size: 1.1rem; text-align: justify;\">The founding team of three members \u2013 \u0160t\u011bp\u00e1n Toman, Claudia Schmidt and Daniel Kolsk\u00fd was formed at the beginning of 2011 while each member brought their specific experience into the partnership.<\/p>\r\n<p lang=\"en-GB\" style=\"font-size:  1.1rem; text-align: justify;\">But the three different personalities and different approaches were no limitation. By the contrast, cooperation without tightly defined hierarchy expanded our horizons and motivated us to get the best of each project.<\/p>\r\n<p lang=\"en-GB\" style=\"font-size:  1.1rem; text-align: justify;\">In all, even the smallest, tasks we try to find a challenge and aim for a different, better solution. That is also the why our architecture is bold and distinctive.<\/p>\r\n<p lang=\"en-GB\" style=\"font-size:  1.1rem; text-align: justify;\">The same applies for our projects where you can find solutions of large urban challenges but also detailed design of furniture and utility objects. We are able to work in all the different scopes but also for entirely different clients.<\/p>\r\n\r\n<\/div>\t\t\t\t\t<\/div>\n\t\t\t\t\t\t<\/div>\n\t\t\t\t<\/div>\n\t\t\t\t\t\t<\/div>\n\t\t\t\t\t<\/div>\n\t\t<\/div>\n\t\t\t\t\t\t\t\t<\/div>\n\t\t\t\t\t<\/div>\n\t\t<\/section>\n\t\t\t\t\t\t\t\t\t<\/div>\n\t\t\t<\/div>\n\t\t\t\t\t<\/div>\n\t\t","protected":false},"excerpt":{"rendered":"<p>The founding team of three members \u2013 \u0160t\u011bp\u00e1n Toman, Claudia Schmidt and Daniel Kolsk\u00fd was formed at the beginning of 2011 while each member brought their specific experience into the partnership. But the three different personalities and different approaches were no limitation. By the contrast, cooperation without tightly defined hierarchy expanded our horizons and motivated..<\/p>\n","protected":false},"author":1,"featured_media":0,"parent":0,"menu_order":0,"comment_status":"closed","ping_status":"closed","template":"","meta":{"footnotes":""},"yoast_head":"<!-- This site is optimized with the Yoast SEO plugin v19.11 - https:\/\/yoast.com\/wordpress\/plugins\/seo\/ -->\n<title>Profile | ting<\/title>\n<meta name=\"robots\" content=\"index, follow, max-snippet:-1, max-image-preview:large, max-video-preview:-1\" \/>\n<meta property=\"og:locale\" content=\"en_US\" \/>\n<meta property=\"og:type\" content=\"article\" \/>\n<meta property=\"og:title\" content=\"[:cs]Profil[:en]Profile[:] | ting\" \/>\n<meta property=\"og:description\" content=\"The founding team of three members \u2013 \u0160t\u011bp\u00e1n Toman, Claudia Schmidt and Daniel Kolsk\u00fd was formed at the beginning of 2011 while each member brought their specific experience into the partnership. But the three different personalities and different approaches were no limitation. By the contrast, cooperation without tightly defined hierarchy expanded our horizons and motivated..\" \/>\n<meta property=\"og:url\" content=\"https:\/\/ting.cz\/profile\/\" \/>\n<meta property=\"og:site_name\" content=\"ting\" \/>\n<meta property=\"article:publisher\" content=\"https:\/\/www.facebook.com\/ting.architects\/\" \/>\n<meta property=\"article:modified_time\" content=\"2022-05-17T16:53:52+00:00\" \/>\n<meta name=\"twitter:card\" content=\"summary_large_image\" \/>\n<meta name=\"twitter:site\" content=\"@ting_architects\" \/>\n<meta name=\"twitter:label1\" content=\"Est. reading time\" \/>\n\t<meta name=\"twitter:data1\" content=\"2 minutes\" \/>\n<script type=\"application\/ld+json\" class=\"yoast-schema-graph\">{\"@context\":\"https:\/\/schema.org\",\"@graph\":[{\"@type\":\"WebPage\",\"@id\":\"https:\/\/ting.cz\/profile\/\",\"url\":\"https:\/\/ting.cz\/profile\/\",\"name\":\"[:cs]Profil[:en]Profile[:] | ting\",\"isPartOf\":{\"@id\":\"https:\/\/ting.cz\/#website\"},\"datePublished\":\"2014-12-10T10:43:54+00:00\",\"dateModified\":\"2022-05-17T16:53:52+00:00\",\"breadcrumb\":{\"@id\":\"https:\/\/ting.cz\/profile\/#breadcrumb\"},\"inLanguage\":\"en-US\",\"potentialAction\":[{\"@type\":\"ReadAction\",\"target\":[\"https:\/\/ting.cz\/profile\/\"]}]},{\"@type\":\"BreadcrumbList\",\"@id\":\"https:\/\/ting.cz\/profile\/#breadcrumb\",\"itemListElement\":[{\"@type\":\"ListItem\",\"position\":1,\"name\":\"Dom\u016f\",\"item\":\"https:\/\/ting.cz\/\"},{\"@type\":\"ListItem\",\"position\":2,\"name\":\"[:cs]Profil[:en]Profile[:]\"}]},{\"@type\":\"WebSite\",\"@id\":\"https:\/\/ting.cz\/#website\",\"url\":\"https:\/\/ting.cz\/\",\"name\":\"ting\",\"description\":\"ting architects\",\"publisher\":{\"@id\":\"https:\/\/ting.cz\/#organization\"},\"potentialAction\":[{\"@type\":\"SearchAction\",\"target\":{\"@type\":\"EntryPoint\",\"urlTemplate\":\"https:\/\/ting.cz\/?s={search_term_string}\"},\"query-input\":\"required name=search_term_string\"}],\"inLanguage\":\"en-US\"},{\"@type\":\"Organization\",\"@id\":\"https:\/\/ting.cz\/#organization\",\"name\":\"Ting Architects\",\"url\":\"https:\/\/ting.cz\/\",\"logo\":{\"@type\":\"ImageObject\",\"inLanguage\":\"en-US\",\"@id\":\"https:\/\/ting.cz\/#\/schema\/logo\/image\/\",\"url\":\"https:\/\/ting.cz\/wp-content\/uploads\/2019\/04\/ting-logo-short-hr.png\",\"contentUrl\":\"https:\/\/ting.cz\/wp-content\/uploads\/2019\/04\/ting-logo-short-hr.png\",\"width\":1937,\"height\":1181,\"caption\":\"Ting Architects\"},\"image\":{\"@id\":\"https:\/\/ting.cz\/#\/schema\/logo\/image\/\"},\"sameAs\":[\"https:\/\/www.linkedin.com\/in\/stepan-toman-5561b262\/\",\"https:\/\/www.facebook.com\/ting.architects\/\",\"https:\/\/twitter.com\/ting_architects\"]}]}<\/script>\n<!-- \/ Yoast SEO plugin. -->","yoast_head_json":{"title":"[:cs]Profil[:en]Profile[:] | ting","robots":{"index":"index","follow":"follow","max-snippet":"max-snippet:-1","max-image-preview":"max-image-preview:large","max-video-preview":"max-video-preview:-1"},"og_locale":"en_US","og_type":"article","og_title":"[:cs]Profil[:en]Profile[:] | ting","og_description":"The founding team of three members \u2013 \u0160t\u011bp\u00e1n Toman, Claudia Schmidt and Daniel Kolsk\u00fd was formed at the beginning of 2011 while each member brought their specific experience into the partnership. But the three different personalities and different approaches were no limitation. By the contrast, cooperation without tightly defined hierarchy expanded our horizons and motivated..","og_url":"https:\/\/ting.cz\/profile\/","og_site_name":"ting","article_publisher":"https:\/\/www.facebook.com\/ting.architects\/","article_modified_time":"2022-05-17T16:53:52+00:00","twitter_card":"summary_large_image","twitter_site":"@ting_architects","twitter_misc":{"Est. reading time":"2 minutes"},"schema":{"@context":"https:\/\/schema.org","@graph":[{"@type":"WebPage","@id":"https:\/\/ting.cz\/profile\/","url":"https:\/\/ting.cz\/profile\/","name":"[:cs]Profil[:en]Profile[:] | ting","isPartOf":{"@id":"https:\/\/ting.cz\/#website"},"datePublished":"2014-12-10T10:43:54+00:00","dateModified":"2022-05-17T16:53:52+00:00","breadcrumb":{"@id":"https:\/\/ting.cz\/profile\/#breadcrumb"},"inLanguage":"en-US","potentialAction":[{"@type":"ReadAction","target":["https:\/\/ting.cz\/profile\/"]}]},{"@type":"BreadcrumbList","@id":"https:\/\/ting.cz\/profile\/#breadcrumb","itemListElement":[{"@type":"ListItem","position":1,"name":"Dom\u016f","item":"https:\/\/ting.cz\/"},{"@type":"ListItem","position":2,"name":"[:cs]Profil[:en]Profile[:]"}]},{"@type":"WebSite","@id":"https:\/\/ting.cz\/#website","url":"https:\/\/ting.cz\/","name":"ting","description":"ting architects","publisher":{"@id":"https:\/\/ting.cz\/#organization"},"potentialAction":[{"@type":"SearchAction","target":{"@type":"EntryPoint","urlTemplate":"https:\/\/ting.cz\/?s={search_term_string}"},"query-input":"required name=search_term_string"}],"inLanguage":"en-US"},{"@type":"Organization","@id":"https:\/\/ting.cz\/#organization","name":"Ting Architects","url":"https:\/\/ting.cz\/","logo":{"@type":"ImageObject","inLanguage":"en-US","@id":"https:\/\/ting.cz\/#\/schema\/logo\/image\/","url":"https:\/\/ting.cz\/wp-content\/uploads\/2019\/04\/ting-logo-short-hr.png","contentUrl":"https:\/\/ting.cz\/wp-content\/uploads\/2019\/04\/ting-logo-short-hr.png","width":1937,"height":1181,"caption":"Ting Architects"},"image":{"@id":"https:\/\/ting.cz\/#\/schema\/logo\/image\/"},"sameAs":["https:\/\/www.linkedin.com\/in\/stepan-toman-5561b262\/","https:\/\/www.facebook.com\/ting.architects\/","https:\/\/twitter.com\/ting_architects"]}]}},"_links":{"self":[{"href":"https:\/\/ting.cz\/en\/wp-json\/wp\/v2\/pages\/130"}],"collection":[{"href":"https:\/\/ting.cz\/en\/wp-json\/wp\/v2\/pages"}],"about":[{"href":"https:\/\/ting.cz\/en\/wp-json\/wp\/v2\/types\/page"}],"author":[{"embeddable":true,"href":"https:\/\/ting.cz\/en\/wp-json\/wp\/v2\/users\/1"}],"replies":[{"embeddable":true,"href":"https:\/\/ting.cz\/en\/wp-json\/wp\/v2\/comments?post=130"}],"version-history":[{"count":9,"href":"https:\/\/ting.cz\/en\/wp-json\/wp\/v2\/pages\/130\/revisions"}],"predecessor-version":[{"id":2549,"href":"https:\/\/ting.cz\/en\/wp-json\/wp\/v2\/pages\/130\/revisions\/2549"}],"wp:attachment":[{"href":"https:\/\/ting.cz\/en\/wp-json\/wp\/v2\/media?parent=130"}],"curies":[{"name":"wp","href":"https:\/\/api.w.org\/{rel}","templated":true}]}}