{"id":145,"date":"2014-12-10T10:55:54","date_gmt":"2014-12-10T10:55:54","guid":{"rendered":"http:\/\/pixelgrade.com\/demos\/mies\/?page_id=145"},"modified":"2022-05-17T19:18:04","modified_gmt":"2022-05-17T17:18:04","slug":"profile-team","status":"publish","type":"page","link":"https:\/\/ting.cz\/en\/profile\/profile-team\/","title":{"rendered":"Profile &#8211; The Team"},"content":{"rendered":"\t\t<div data-elementor-type=\"wp-page\" data-elementor-id=\"145\" class=\"elementor elementor-145\">\n\t\t\t\t\t\t<div class=\"elementor-inner\">\n\t\t\t\t<div class=\"elementor-section-wrap\">\n\t\t\t\t\t\t\t\t\t<section class=\"elementor-section elementor-top-section elementor-element elementor-element-47c791b1 elementor-section-boxed elementor-section-height-default elementor-section-height-default\" data-id=\"47c791b1\" data-element_type=\"section\">\n\t\t\t\t\t\t<div class=\"elementor-container elementor-column-gap-default\">\n\t\t\t\t\t\t\t<div class=\"elementor-row\">\n\t\t\t\t\t<div class=\"elementor-column elementor-col-100 elementor-top-column elementor-element elementor-element-18ba566a\" data-id=\"18ba566a\" data-element_type=\"column\">\n\t\t\t<div class=\"elementor-column-wrap elementor-element-populated\">\n\t\t\t\t\t\t\t<div class=\"elementor-widget-wrap\">\n\t\t\t\t\t\t<div class=\"elementor-element elementor-element-3d08dc87 elementor-widget elementor-widget-text-editor\" data-id=\"3d08dc87\" data-element_type=\"widget\" data-widget_type=\"text-editor.default\">\n\t\t\t\t<div class=\"elementor-widget-container\">\n\t\t\t\t\t\t\t\t<div class=\"elementor-text-editor elementor-clearfix\">\n\t\t\t\t<p><\/p>\n<div>\n<h2 style=\"font-size: 1.2rem;\">TEAM<\/h2>\n<\/div>\n<div class=\"pixcode  pixcode--grid  grid  \">\n<br><div class=\"grid__item lap-six-twelfths\">\n<\/p>\n<p><img loading=\"lazy\" decoding=\"async\" src=\"http:\/\/ting.cz\/wp-content\/uploads\/2018\/02\/stepi-200x300.jpg\" alt=\"\" width=\"200\" height=\"300\"><\/p>\n<h4>\u0160T\u011aP\u00c1N TOMAN<\/h4>\n<address style=\"font-size: .93rem;\">Architekt &#8211; Partner<\/address>\n<p>\n<\/div>\n<\/p>\n<p><div class=\"grid__item lap-six-twelfths\">\n<\/p>\n<p>*1978<\/p>\n<p>Authorized architect \u010cKA 3459<\/p>\n<p>After graduating from Academy of Arts, Architecture &amp; Design in Prague he worked for several years at the London office of KPF, where he participated, among other things, in the Danubee house project in Prague or in high-rise building, Shoreditch High, in London or in the new London headquarters of Unilever. After returning to Prague he worked in the AID architectural studio, where he also worked on the Philharmonic Orchestra and the Congress Center in Zl\u00edn or was responsible for the project of the new Faculty of Humanities of the Zl\u00edn University. In 2011 he founded the Ting Architecture Office. His favorite project within the office is an unprized competition for the revitalization of the Podmokel area.<\/p>\n<p>\n<\/div>\n<br>\n<\/div>\n\n<hr>\n<div class=\"pixcode  pixcode--grid  grid  \">\n<\/p>\n<p><div class=\"grid__item lap-six-twelfths\">\n<\/p>\n<p><img loading=\"lazy\" decoding=\"async\" src=\"https:\/\/ting.cz\/wp-content\/uploads\/2019\/11\/jitka-2-221x300.jpg\" alt=\"\" width=\"221\" height=\"300\"><\/p>\n<h4>JITKA DVORSK\u00c1<\/h4>\n<address style=\"font-size: .93rem;\">Architekt &#8211; NIMBUS\/TING<\/address>\n<p>\n<\/div>\n<\/p>\n<p><div class=\"grid__item lap-six-twelfths\">\n<\/p>\n<p>Vedouc\u00ed architekt Nimbus Architects s.r.o.<\/p>\n<p><span lang=\"cs-CZ\">Has over 30 years experience in the field of architecture and design, working on different levels of the design process, in both the private and public sector. Jitka has over 15 years practice in leading projects and as a conception architect, interior architect, landscape and greenery architect, has expertise in many types of buildings as e.g. office, housing, sport centres, hotels, spa, landscape, technology buildings including TV studios or factories, masterplans, metro, bridges, etc. Her experience covers also international experience like Design Assessment in India for Mott MacDonald in Chennai, or designing for clients in Europe and Azerbaijan.<\/span><\/p>\n<p>\n<\/div>\n<\/p>\n<p>\n<\/div>\n\n<hr>\n<div class=\"pixcode  pixcode--grid  grid  \">\n<br><div class=\"grid__item lap-six-twelfths\">\n<\/p>\n<p><img loading=\"lazy\" decoding=\"async\" class=\"alignnone size-medium wp-image-2543\" src=\"https:\/\/ting.cz\/wp-content\/uploads\/2022\/05\/claudia-201x300.jpg\" alt=\"\" width=\"201\" height=\"300\" srcset=\"https:\/\/ting.cz\/wp-content\/uploads\/2022\/05\/claudia-201x300.jpg 201w, https:\/\/ting.cz\/wp-content\/uploads\/2022\/05\/claudia.jpg 341w\" sizes=\"(max-width: 201px) 100vw, 201px\" \/><\/p>\n<h4 style=\"font-size: .93rem;\">Claudia schmidt<\/h4>\n<address>Architekt &#8211; Partner<\/address>\n<p>\n<\/div>\n<\/p>\n<p><div class=\"grid__item lap-six-twelfths\">\n<\/p>\n<p>*1976<\/p>\n<p>xxx<br>\n<\/div>\n<\/p>\n<p>\n<\/div>\n\n<hr>\n<h4>&nbsp;<\/h4>\n<div class=\"pixcode  pixcode--grid  grid  \">\n<\/p>\n<p><div class=\"grid__item lap-six-twelfths\">\n<\/p>\n<h4>Coworkers<\/h4>\n<p>Tom\u00e1\u0161 Kodet<br>Martina Jaro\u0161ov\u00e1<br>Jitka Dvorsk\u00e1<br>Tereza Cihl\u00e1\u0159ov\u00e1<\/p>\n<p>\n<\/div>\n<\/p>\n<p><div class=\"grid__item lap-six-twelfths\">\n<\/p>\n<h4>Previous Coworkers<\/h4>\n<p><span style=\"color: var( --e-global-color-text ); font-family: var( --e-global-typography-text-font-family ), Sans-serif; font-weight: var( --e-global-typography-text-font-weight );\">Michaela Kraj\u010diov\u00e1<br><\/span>Katar\u00edna Vali\u010dkov\u00e1<br>Jana Zicha<br>Claudia Schmidt<br>Veronika V\u00edtkov\u00e1<br>Zuzana Kuskov\u00e1<br>Merisha Helibegovic Bayrakar<br>Andrea Husteck\u00e1<\/p>\n<p>\n<\/div>\n<\/p>\n<p>\n<\/div>\n\t\t\t\t\t<\/div>\n\t\t\t\t\t\t<\/div>\n\t\t\t\t<\/div>\n\t\t\t\t\t\t<\/div>\n\t\t\t\t\t<\/div>\n\t\t<\/div>\n\t\t\t\t\t\t\t\t<\/div>\n\t\t\t\t\t<\/div>\n\t\t<\/section>\n\t\t\t\t\t\t\t\t\t<\/div>\n\t\t\t<\/div>\n\t\t\t\t\t<\/div>\n\t\t","protected":false},"excerpt":{"rendered":"<p>TEAM &nbsp;<\/p>\n","protected":false},"author":1,"featured_media":0,"parent":130,"menu_order":1,"comment_status":"closed","ping_status":"closed","template":"","meta":{"footnotes":""},"yoast_head":"<!-- This site is optimized with the Yoast SEO plugin v19.11 - https:\/\/yoast.com\/wordpress\/plugins\/seo\/ -->\n<title>Profile - The Team | ting<\/title>\n<meta name=\"robots\" content=\"index, follow, max-snippet:-1, max-image-preview:large, max-video-preview:-1\" \/>\n<meta property=\"og:locale\" content=\"en_US\" \/>\n<meta property=\"og:type\" content=\"article\" \/>\n<meta property=\"og:title\" content=\"[:cs]Profil - T\u00fdm[:en]Profile - The Team[:] | ting\" \/>\n<meta property=\"og:description\" content=\"TEAM &nbsp;\" \/>\n<meta property=\"og:url\" content=\"https:\/\/ting.cz\/profile\/profile-team\/\" \/>\n<meta property=\"og:site_name\" content=\"ting\" \/>\n<meta property=\"article:publisher\" content=\"https:\/\/www.facebook.com\/ting.architects\/\" \/>\n<meta property=\"article:modified_time\" content=\"2022-05-17T17:18:04+00:00\" \/>\n<meta property=\"og:image\" content=\"http:\/\/ting.cz\/wp-content\/uploads\/2018\/02\/stepi-200x300.jpg\" \/>\n<meta name=\"twitter:card\" content=\"summary_large_image\" \/>\n<meta name=\"twitter:site\" content=\"@ting_architects\" \/>\n<meta name=\"twitter:label1\" content=\"Est. reading time\" \/>\n\t<meta name=\"twitter:data1\" content=\"5 minutes\" \/>\n<script type=\"application\/ld+json\" class=\"yoast-schema-graph\">{\"@context\":\"https:\/\/schema.org\",\"@graph\":[{\"@type\":\"WebPage\",\"@id\":\"https:\/\/ting.cz\/profile\/profile-team\/\",\"url\":\"https:\/\/ting.cz\/profile\/profile-team\/\",\"name\":\"[:cs]Profil - T\u00fdm[:en]Profile - The Team[:] | ting\",\"isPartOf\":{\"@id\":\"https:\/\/ting.cz\/#website\"},\"datePublished\":\"2014-12-10T10:55:54+00:00\",\"dateModified\":\"2022-05-17T17:18:04+00:00\",\"breadcrumb\":{\"@id\":\"https:\/\/ting.cz\/profile\/profile-team\/#breadcrumb\"},\"inLanguage\":\"en-US\",\"potentialAction\":[{\"@type\":\"ReadAction\",\"target\":[\"https:\/\/ting.cz\/profile\/profile-team\/\"]}]},{\"@type\":\"BreadcrumbList\",\"@id\":\"https:\/\/ting.cz\/profile\/profile-team\/#breadcrumb\",\"itemListElement\":[{\"@type\":\"ListItem\",\"position\":1,\"name\":\"Dom\u016f\",\"item\":\"https:\/\/ting.cz\/\"},{\"@type\":\"ListItem\",\"position\":2,\"name\":\"[:cs]Profil[:en]Profile[:]\",\"item\":\"https:\/\/ting.cz\/profile\/\"},{\"@type\":\"ListItem\",\"position\":3,\"name\":\"[:cs]Profil &#8211; T\u00fdm[:en]Profile &#8211; The Team[:]\"}]},{\"@type\":\"WebSite\",\"@id\":\"https:\/\/ting.cz\/#website\",\"url\":\"https:\/\/ting.cz\/\",\"name\":\"ting\",\"description\":\"ting architects\",\"publisher\":{\"@id\":\"https:\/\/ting.cz\/#organization\"},\"potentialAction\":[{\"@type\":\"SearchAction\",\"target\":{\"@type\":\"EntryPoint\",\"urlTemplate\":\"https:\/\/ting.cz\/?s={search_term_string}\"},\"query-input\":\"required name=search_term_string\"}],\"inLanguage\":\"en-US\"},{\"@type\":\"Organization\",\"@id\":\"https:\/\/ting.cz\/#organization\",\"name\":\"Ting Architects\",\"url\":\"https:\/\/ting.cz\/\",\"logo\":{\"@type\":\"ImageObject\",\"inLanguage\":\"en-US\",\"@id\":\"https:\/\/ting.cz\/#\/schema\/logo\/image\/\",\"url\":\"https:\/\/ting.cz\/wp-content\/uploads\/2019\/04\/ting-logo-short-hr.png\",\"contentUrl\":\"https:\/\/ting.cz\/wp-content\/uploads\/2019\/04\/ting-logo-short-hr.png\",\"width\":1937,\"height\":1181,\"caption\":\"Ting Architects\"},\"image\":{\"@id\":\"https:\/\/ting.cz\/#\/schema\/logo\/image\/\"},\"sameAs\":[\"https:\/\/www.linkedin.com\/in\/stepan-toman-5561b262\/\",\"https:\/\/www.facebook.com\/ting.architects\/\",\"https:\/\/twitter.com\/ting_architects\"]}]}<\/script>\n<!-- \/ Yoast SEO plugin. -->","yoast_head_json":{"title":"[:cs]Profil - T\u00fdm[:en]Profile - The Team[:] | ting","robots":{"index":"index","follow":"follow","max-snippet":"max-snippet:-1","max-image-preview":"max-image-preview:large","max-video-preview":"max-video-preview:-1"},"og_locale":"en_US","og_type":"article","og_title":"[:cs]Profil - T\u00fdm[:en]Profile - The Team[:] | ting","og_description":"TEAM &nbsp;","og_url":"https:\/\/ting.cz\/profile\/profile-team\/","og_site_name":"ting","article_publisher":"https:\/\/www.facebook.com\/ting.architects\/","article_modified_time":"2022-05-17T17:18:04+00:00","og_image":[{"url":"http:\/\/ting.cz\/wp-content\/uploads\/2018\/02\/stepi-200x300.jpg"}],"twitter_card":"summary_large_image","twitter_site":"@ting_architects","twitter_misc":{"Est. reading time":"5 minutes"},"schema":{"@context":"https:\/\/schema.org","@graph":[{"@type":"WebPage","@id":"https:\/\/ting.cz\/profile\/profile-team\/","url":"https:\/\/ting.cz\/profile\/profile-team\/","name":"[:cs]Profil - T\u00fdm[:en]Profile - The Team[:] | ting","isPartOf":{"@id":"https:\/\/ting.cz\/#website"},"datePublished":"2014-12-10T10:55:54+00:00","dateModified":"2022-05-17T17:18:04+00:00","breadcrumb":{"@id":"https:\/\/ting.cz\/profile\/profile-team\/#breadcrumb"},"inLanguage":"en-US","potentialAction":[{"@type":"ReadAction","target":["https:\/\/ting.cz\/profile\/profile-team\/"]}]},{"@type":"BreadcrumbList","@id":"https:\/\/ting.cz\/profile\/profile-team\/#breadcrumb","itemListElement":[{"@type":"ListItem","position":1,"name":"Dom\u016f","item":"https:\/\/ting.cz\/"},{"@type":"ListItem","position":2,"name":"[:cs]Profil[:en]Profile[:]","item":"https:\/\/ting.cz\/profile\/"},{"@type":"ListItem","position":3,"name":"[:cs]Profil &#8211; T\u00fdm[:en]Profile &#8211; The Team[:]"}]},{"@type":"WebSite","@id":"https:\/\/ting.cz\/#website","url":"https:\/\/ting.cz\/","name":"ting","description":"ting architects","publisher":{"@id":"https:\/\/ting.cz\/#organization"},"potentialAction":[{"@type":"SearchAction","target":{"@type":"EntryPoint","urlTemplate":"https:\/\/ting.cz\/?s={search_term_string}"},"query-input":"required name=search_term_string"}],"inLanguage":"en-US"},{"@type":"Organization","@id":"https:\/\/ting.cz\/#organization","name":"Ting Architects","url":"https:\/\/ting.cz\/","logo":{"@type":"ImageObject","inLanguage":"en-US","@id":"https:\/\/ting.cz\/#\/schema\/logo\/image\/","url":"https:\/\/ting.cz\/wp-content\/uploads\/2019\/04\/ting-logo-short-hr.png","contentUrl":"https:\/\/ting.cz\/wp-content\/uploads\/2019\/04\/ting-logo-short-hr.png","width":1937,"height":1181,"caption":"Ting Architects"},"image":{"@id":"https:\/\/ting.cz\/#\/schema\/logo\/image\/"},"sameAs":["https:\/\/www.linkedin.com\/in\/stepan-toman-5561b262\/","https:\/\/www.facebook.com\/ting.architects\/","https:\/\/twitter.com\/ting_architects"]}]}},"_links":{"self":[{"href":"https:\/\/ting.cz\/en\/wp-json\/wp\/v2\/pages\/145"}],"collection":[{"href":"https:\/\/ting.cz\/en\/wp-json\/wp\/v2\/pages"}],"about":[{"href":"https:\/\/ting.cz\/en\/wp-json\/wp\/v2\/types\/page"}],"author":[{"embeddable":true,"href":"https:\/\/ting.cz\/en\/wp-json\/wp\/v2\/users\/1"}],"replies":[{"embeddable":true,"href":"https:\/\/ting.cz\/en\/wp-json\/wp\/v2\/comments?post=145"}],"version-history":[{"count":77,"href":"https:\/\/ting.cz\/en\/wp-json\/wp\/v2\/pages\/145\/revisions"}],"predecessor-version":[{"id":2573,"href":"https:\/\/ting.cz\/en\/wp-json\/wp\/v2\/pages\/145\/revisions\/2573"}],"up":[{"embeddable":true,"href":"https:\/\/ting.cz\/en\/wp-json\/wp\/v2\/pages\/130"}],"wp:attachment":[{"href":"https:\/\/ting.cz\/en\/wp-json\/wp\/v2\/media?parent=145"}],"curies":[{"name":"wp","href":"https:\/\/api.w.org\/{rel}","templated":true}]}}